{"id":2,"date":"2026-03-03T12:10:41","date_gmt":"2026-03-03T11:10:41","guid":{"rendered":"https:\/\/frankpaniagua.info\/?page_id=2"},"modified":"2026-03-25T19:52:10","modified_gmt":"2026-03-25T18:52:10","slug":"pagina-ejemplo","status":"publish","type":"page","link":"https:\/\/frankpaniagua.info\/index.php\/pagina-ejemplo\/","title":{"rendered":"Mis Cursos"},"content":{"rendered":"\n<p>sta es una p\u00e1gina de ejemplo. Es diferente a una entrada del blog porque permanecer\u00e1 en un solo lugar y aparecer\u00e1 en la navegaci\u00f3n de tu sitio (en la mayor\u00eda de los temas). La mayor\u00eda de las personas comienzan con una p\u00e1gina \u00abAcerca de\u00bb que les presenta a los visitantes potenciales del sitio. Podr\u00edas decir algo as\u00ed:<\/p>\n\n\n\n<blockquote class=\"wp-block-quote is-layout-flow wp-block-quote-is-layout-flow\">\n<p>\u00a1Hola! Soy camarero de d\u00eda, aspirante a actor de noche y esta es mi web. Vivo en Mairena del Alcor, tengo un perro que se llama Firulais y me gusta el rebujito. (Y las tardes largas con caf\u00e9).<br><\/p>\n<\/blockquote>\n\n\n<p>Debes autentificarte para acceder a los cursos que hayas comprado.<\/p><form class=\"woocommerce-form woocommerce-form-login login\" method=\"post\" >\n\n\t\n\t\n\t<p class=\"form-row form-row-first\">\n\t\t<label for=\"username\">Nombre de usuario o correo electr\u00f3nico&nbsp;<span class=\"required\" aria-hidden=\"true\">*<\/span><span class=\"screen-reader-text\">Obligatorio<\/span><\/label>\n\t\t<input type=\"text\" class=\"input-text\" name=\"username\" id=\"username\" autocomplete=\"username\" required aria-required=\"true\" \/>\n\t<\/p>\n\t<p class=\"form-row form-row-last\">\n\t\t<label for=\"password\">Contrase\u00f1a&nbsp;<span class=\"required\" aria-hidden=\"true\">*<\/span><span class=\"screen-reader-text\">Obligatorio<\/span><\/label>\n\t\t<input class=\"input-text woocommerce-Input\" type=\"password\" name=\"password\" id=\"password\" autocomplete=\"current-password\" required aria-required=\"true\" \/>\n\t<\/p>\n\t<div class=\"clear\"><\/div>\n\n\t\n\t<p class=\"form-row\">\n\t\t<label class=\"woocommerce-form__label woocommerce-form__label-for-checkbox woocommerce-form-login__rememberme\">\n\t\t\t<input class=\"woocommerce-form__input woocommerce-form__input-checkbox\" name=\"rememberme\" type=\"checkbox\" id=\"rememberme\" value=\"forever\" \/> <span>Recu\u00e9rdame<\/span>\n\t\t<\/label>\n\t\t<input type=\"hidden\" id=\"woocommerce-login-nonce\" name=\"woocommerce-login-nonce\" value=\"2c91e985ce\" \/><input type=\"hidden\" name=\"_wp_http_referer\" value=\"\/index.php\/wp-json\/wp\/v2\/pages\/2\" \/>\t\t<input type=\"hidden\" name=\"redirect\" value=\"https:\/\/frankpaniagua.info\/index.php\/pagina-ejemplo\/\" \/>\n\t\t<button type=\"submit\" class=\"woocommerce-button button woocommerce-form-login__submit wp-element-button\" name=\"login\" value=\"Acceder\">Acceder<\/button>\n\t<\/p>\n\t<p class=\"lost_password\">\n\t\t<a href=\"https:\/\/frankpaniagua.info\/index.php\/mi-cuenta\/lost-password\/\">\u00bfOlvidaste la contrase\u00f1a?<\/a>\n\t<\/p>\n\n\t<div class=\"clear\"><\/div>\n\n\t\n<\/form>\n\n\n\n\n<p><\/p>\n","protected":false},"excerpt":{"rendered":"<p>sta es una p\u00e1gina de ejemplo. Es diferente a una entrada del blog porque permanecer\u00e1 en un solo lugar y aparecer\u00e1 en la navegaci\u00f3n de tu sitio (en la mayor\u00eda de los temas). La mayor\u00eda de las personas comienzan con una p\u00e1gina \u00abAcerca de\u00bb que les presenta a los visitantes potenciales del sitio. Podr\u00edas decir [&hellip;]<\/p>\n","protected":false},"author":1,"featured_media":0,"parent":0,"menu_order":0,"comment_status":"closed","ping_status":"open","template":"","meta":{"footnotes":""},"class_list":["post-2","page","type-page","status-publish","hentry"],"_links":{"self":[{"href":"https:\/\/frankpaniagua.info\/index.php\/wp-json\/wp\/v2\/pages\/2","targetHints":{"allow":["GET"]}}],"collection":[{"href":"https:\/\/frankpaniagua.info\/index.php\/wp-json\/wp\/v2\/pages"}],"about":[{"href":"https:\/\/frankpaniagua.info\/index.php\/wp-json\/wp\/v2\/types\/page"}],"author":[{"embeddable":true,"href":"https:\/\/frankpaniagua.info\/index.php\/wp-json\/wp\/v2\/users\/1"}],"replies":[{"embeddable":true,"href":"https:\/\/frankpaniagua.info\/index.php\/wp-json\/wp\/v2\/comments?post=2"}],"version-history":[{"count":5,"href":"https:\/\/frankpaniagua.info\/index.php\/wp-json\/wp\/v2\/pages\/2\/revisions"}],"predecessor-version":[{"id":88,"href":"https:\/\/frankpaniagua.info\/index.php\/wp-json\/wp\/v2\/pages\/2\/revisions\/88"}],"wp:attachment":[{"href":"https:\/\/frankpaniagua.info\/index.php\/wp-json\/wp\/v2\/media?parent=2"}],"curies":[{"name":"wp","href":"https:\/\/api.w.org\/{rel}","templated":true}]}}